{"id":15,"date":"2016-02-10T13:13:03","date_gmt":"2016-02-10T13:13:03","guid":{"rendered":"http:\/\/grupochiavassa.com\/esp\/?page_id=15"},"modified":"2016-02-10T13:23:33","modified_gmt":"2016-02-10T13:23:33","slug":"alimentacion","status":"publish","type":"page","link":"http:\/\/grupochiavassa.com\/esp\/alimentacion\/","title":{"rendered":"Alimentaci\u00f3n"},"content":{"rendered":"<h2 class=\"page-heading\">ALIMENTACI\u00d3N<\/h2>\n<p><img class=\"img-frame aligncenter\" src=\"http:\/\/grupochiavassa.com\/web\/wp-content\/uploads\/2013\/11\/alimentacion.jpg\" alt=\"\" \/><\/p>\n<p>&nbsp;<\/p>\n<p>La nutrici\u00f3n de los animales representa otro de los aspectos clave en el incremento de la producci\u00f3n lechera. Y en este sentido, el esquema del Grupo Chiavassa se sostiene sobre tres pilares.<\/p>\n<ul>\n<li><strong>Trabajo en equipo:<\/strong> el nutricionista, el equipo encargado de la alimentaci\u00f3n diaria y los responsables del establecimiento, definen los objetivos y acuerdan las mejores estrategias de trabajo para alcanzarlos.<\/li>\n<li><strong>Consistencia:<\/strong> dicho esquema debe garantizar una alimentaci\u00f3n uniforme cada d\u00eda, en cuanto a la composici\u00f3n y presentaci\u00f3n del producto que llega a los animales.<\/li>\n<li><strong>Control del proceso:<\/strong> resulta fundamental el an\u00e1lisis peri\u00f3dico de los datos que arrojan los distintos sistemas tecnol\u00f3gicos aplicados en el establecimiento (medidores de producci\u00f3n, identificaci\u00f3n electr\u00f3nica de los animales y balanza del mixer), para realizar los ajustes necesarios en la alimentaci\u00f3n del rodeo.<\/li>\n<\/ul>\n<p>Los mismos principios se aplican al manejo de los forrajes (ma\u00edz picado, silo de alfalfa y heno embolsado). En esta etapa, el principal objetivo apunta a entregar al \u00e1rea de nutrici\u00f3n la mejor materia prima posible. Este factor es fundamental, ya que puede incidir en una variaci\u00f3n que oscila entre 7 y 10 litros de leche diarios por animal.<\/p>\n<p>A mayor calidad de forrajes, menores costos de alimentaci\u00f3n. El proceso de confecci\u00f3n de forrajes se basa en el monitoreo de la materia seca de los cultivos, lo que permite determinar el momento \u00f3ptimo para comenzar a picarlos. En el establecimiento se realiza un seguimiento permanente del rendimiento de cada lote, de los kilos almacenados por bolsa, la calidad de la materia seca, el tama\u00f1o del picado y el procesamiento de grano. De esta manera es posible realizar los ajustes convenientes durante el proceso.<\/p>\n","protected":false},"excerpt":{"rendered":"<p>ALIMENTACI\u00d3N &nbsp; La nutrici\u00f3n de los animales representa otro de los aspectos clave en el incremento de la producci\u00f3n lechera. [&hellip;]<\/p>\n","protected":false},"author":2,"featured_media":0,"parent":0,"menu_order":0,"comment_status":"closed","ping_status":"closed","template":"","meta":{"ngg_post_thumbnail":0},"_links":{"self":[{"href":"http:\/\/grupochiavassa.com\/esp\/wp-json\/wp\/v2\/pages\/15"}],"collection":[{"href":"http:\/\/grupochiavassa.com\/esp\/wp-json\/wp\/v2\/pages"}],"about":[{"href":"http:\/\/grupochiavassa.com\/esp\/wp-json\/wp\/v2\/types\/page"}],"author":[{"embeddable":true,"href":"http:\/\/grupochiavassa.com\/esp\/wp-json\/wp\/v2\/users\/2"}],"replies":[{"embeddable":true,"href":"http:\/\/grupochiavassa.com\/esp\/wp-json\/wp\/v2\/comments?post=15"}],"version-history":[{"count":6,"href":"http:\/\/grupochiavassa.com\/esp\/wp-json\/wp\/v2\/pages\/15\/revisions"}],"predecessor-version":[{"id":28,"href":"http:\/\/grupochiavassa.com\/esp\/wp-json\/wp\/v2\/pages\/15\/revisions\/28"}],"wp:attachment":[{"href":"http:\/\/grupochiavassa.com\/esp\/wp-json\/wp\/v2\/media?parent=15"}],"curies":[{"name":"wp","href":"https:\/\/api.w.org\/{rel}","templated":true}]}}