{"id":29,"date":"2016-02-10T13:24:32","date_gmt":"2016-02-10T13:24:32","guid":{"rendered":"http:\/\/grupochiavassa.com\/esp\/?page_id=29"},"modified":"2016-02-15T13:19:48","modified_gmt":"2016-02-15T13:19:48","slug":"bienestar-animal","status":"publish","type":"page","link":"http:\/\/grupochiavassa.com\/esp\/bienestar-animal\/","title":{"rendered":"Bienestar Animal"},"content":{"rendered":"<h2 class=\"page-heading\">BIENESTAR ANIMAL<\/h2>\n<p><img class=\"img-frame aligncenter\" src=\"http:\/\/grupochiavassa.com\/web\/wp-content\/uploads\/2013\/11\/bienestar.jpg\" alt=\"\" \/><br \/>\nEn 2011, miembros del Grupo Chiavassa viajaron a Chile, Estados Unidos, Canad\u00e1 e Israel, para conocer distintas experiencias tendientes a incrementar los niveles de bienestar animal en establecimientos lecheros y para analizar los resultados de dichos emprendimientos.<\/p>\n<p>La decisi\u00f3n no fue sencilla. Finalmente, optaron por adaptar en la Argentina el sistema implementado en Israel, mediante la construcci\u00f3n de galpones con cama de compost para los animales.\u00a0El compost o compostaje, es el producto que se obtiene de compuestos que forman o formaron parte de seres vivos, en una combinaci\u00f3n de productos de origen animal y vegetal.<\/p>\n<p>Luego de la construcci\u00f3n de dos galpones de 8.000 metros cuadrados de superficie -dotados de un sistema de techos corredizos-, fue posible incluir el 30% del rodeo a las nuevas condiciones, tendientes a brindarles el mayor confort posible a los animales.<\/p>\n<p>Los resultados fueron sorprendentes: el promedio de producci\u00f3n entre vaquillonas y vacas en dichos galpones en el \u00faltimo a\u00f1o fue de 40 litros diarios, mientras que la producci\u00f3n diaria del rodeo total fue de 33,7 litros diarios.<\/p>\n<p>Tambi\u00e9n se redujeron los casos de mastitis mejorando notablemente el recuento de c\u00e9lulas som\u00e1ticas y hemos notado menor cantidad de problemas podales en las vacas.<\/p>\n<p>La decisi\u00f3n de construir galpones con techos corredizos result\u00f3 fundamental, ya que este sistema permite el ingreso de la radiaci\u00f3n solar y el incremento en la ventilaci\u00f3n natural. Esto nos ayuda a regular la incidencia de la humedad ambiente y del clima en general sobre la cama de compost.<\/p>\n<p>Adem\u00e1s, la construcci\u00f3n de esta infraestructura permiti\u00f3 atacar otro problema: la mala calidad del agua de la zona. Los 8.000 metros cuadrados de techos de los galpones, son aprovechados para captar agua de lluvia que es almacenada en un aljibe con una capacidad de 2 millones de litros.<\/p>\n<h2 class=\"page-heading\">Fotos<\/h2>\n<p><!-- index.php -->\n<div\n\tclass=\"ngg-galleryoverview ngg-ajax-pagination-none\"\n\tid=\"ngg-gallery-848-1\">\n\n    \t\t<!-- Thumbnails -->\n\t\t\t\t<div id=\"ngg-image-0\" class=\"ngg-gallery-thumbnail-box\" >\n\t\t\t\t        <div class=\"ngg-gallery-thumbnail\">\n            <a href=\"http:\/\/grupochiavassa.com\/esp\/wp-content\/gallery\/fotos-galpon\/1....jpg\"\n               title=\"\"\n               data-src=\"http:\/\/grupochiavassa.com\/esp\/wp-content\/gallery\/fotos-galpon\/1....jpg\"\n               data-thumbnail=\"http:\/\/grupochiavassa.com\/esp\/wp-content\/gallery\/fotos-galpon\/thumbs\/thumbs_1....jpg\"\n               data-image-id=\"305\"\n               data-title=\"1...\"\n               data-description=\"\"\n               data-image-slug=\"1-3\"\n               class=\"ngg-fancybox\" rel=\"848\">\n                <img\n                    title=\"1...\"\n                    alt=\"1...\"\n                    src=\"http:\/\/grupochiavassa.com\/esp\/wp-content\/gallery\/fotos-galpon\/thumbs\/thumbs_1....jpg\"\n                    width=\"240\"\n                    height=\"160\"\n                    style=\"max-width:100%;\"\n                \/>\n            <\/a>\n        <\/div>\n\t\t\t\t\t\t\t<\/div> \n\t\t\t\n        \n\t\t\t\t<div id=\"ngg-image-1\" class=\"ngg-gallery-thumbnail-box\" >\n\t\t\t\t        <div class=\"ngg-gallery-thumbnail\">\n            <a href=\"http:\/\/grupochiavassa.com\/esp\/wp-content\/gallery\/fotos-galpon\/10.jpg\"\n               title=\"\"\n               data-src=\"http:\/\/grupochiavassa.com\/esp\/wp-content\/gallery\/fotos-galpon\/10.jpg\"\n               data-thumbnail=\"http:\/\/grupochiavassa.com\/esp\/wp-content\/gallery\/fotos-galpon\/thumbs\/thumbs_10.jpg\"\n               data-image-id=\"314\"\n               data-title=\"10\"\n               data-description=\"\"\n               data-image-slug=\"10-2\"\n               class=\"ngg-fancybox\" rel=\"848\">\n                <img\n                    title=\"10\"\n                    alt=\"10\"\n                    src=\"http:\/\/grupochiavassa.com\/esp\/wp-content\/gallery\/fotos-galpon\/thumbs\/thumbs_10.jpg\"\n                    width=\"240\"\n                    height=\"160\"\n                    style=\"max-width:100%;\"\n                \/>\n            <\/a>\n        <\/div>\n\t\t\t\t\t\t\t<\/div> \n\t\t\t\n        \n\t\t\t\t<div id=\"ngg-image-2\" class=\"ngg-gallery-thumbnail-box\" >\n\t\t\t\t        <div class=\"ngg-gallery-thumbnail\">\n            <a href=\"http:\/\/grupochiavassa.com\/esp\/wp-content\/gallery\/fotos-galpon\/11.jpg\"\n               title=\"\"\n               data-src=\"http:\/\/grupochiavassa.com\/esp\/wp-content\/gallery\/fotos-galpon\/11.jpg\"\n               data-thumbnail=\"http:\/\/grupochiavassa.com\/esp\/wp-content\/gallery\/fotos-galpon\/thumbs\/thumbs_11.jpg\"\n               data-image-id=\"315\"\n               data-title=\"11\"\n               data-description=\"\"\n               data-image-slug=\"11-2\"\n               class=\"ngg-fancybox\" rel=\"848\">\n                <img\n                    title=\"11\"\n                    alt=\"11\"\n                    src=\"http:\/\/grupochiavassa.com\/esp\/wp-content\/gallery\/fotos-galpon\/thumbs\/thumbs_11.jpg\"\n                    width=\"240\"\n                    height=\"160\"\n                    style=\"max-width:100%;\"\n                \/>\n            <\/a>\n        <\/div>\n\t\t\t\t\t\t\t<\/div> \n\t\t\t\n        \n\t\t\t\t<div id=\"ngg-image-3\" class=\"ngg-gallery-thumbnail-box\" >\n\t\t\t\t        <div class=\"ngg-gallery-thumbnail\">\n            <a href=\"http:\/\/grupochiavassa.com\/esp\/wp-content\/gallery\/fotos-galpon\/12.jpg\"\n               title=\"\"\n               data-src=\"http:\/\/grupochiavassa.com\/esp\/wp-content\/gallery\/fotos-galpon\/12.jpg\"\n               data-thumbnail=\"http:\/\/grupochiavassa.com\/esp\/wp-content\/gallery\/fotos-galpon\/thumbs\/thumbs_12.jpg\"\n               data-image-id=\"316\"\n               data-title=\"12\"\n               data-description=\"\"\n               data-image-slug=\"12-2\"\n               class=\"ngg-fancybox\" rel=\"848\">\n                <img\n                    title=\"12\"\n                    alt=\"12\"\n                    src=\"http:\/\/grupochiavassa.com\/esp\/wp-content\/gallery\/fotos-galpon\/thumbs\/thumbs_12.jpg\"\n                    width=\"240\"\n                    height=\"160\"\n                    style=\"max-width:100%;\"\n                \/>\n            <\/a>\n        <\/div>\n\t\t\t\t\t\t\t<\/div> \n\t\t\t\n        \n\t\t\t\t<div id=\"ngg-image-4\" class=\"ngg-gallery-thumbnail-box\" >\n\t\t\t\t        <div class=\"ngg-gallery-thumbnail\">\n            <a href=\"http:\/\/grupochiavassa.com\/esp\/wp-content\/gallery\/fotos-galpon\/13.jpg\"\n               title=\"\"\n               data-src=\"http:\/\/grupochiavassa.com\/esp\/wp-content\/gallery\/fotos-galpon\/13.jpg\"\n               data-thumbnail=\"http:\/\/grupochiavassa.com\/esp\/wp-content\/gallery\/fotos-galpon\/thumbs\/thumbs_13.jpg\"\n               data-image-id=\"317\"\n               data-title=\"13\"\n               data-description=\"\"\n               data-image-slug=\"13-2\"\n               class=\"ngg-fancybox\" rel=\"848\">\n                <img\n                    title=\"13\"\n                    alt=\"13\"\n                    src=\"http:\/\/grupochiavassa.com\/esp\/wp-content\/gallery\/fotos-galpon\/thumbs\/thumbs_13.jpg\"\n                    width=\"240\"\n                    height=\"160\"\n                    style=\"max-width:100%;\"\n                \/>\n            <\/a>\n        <\/div>\n\t\t\t\t\t\t\t<\/div> \n\t\t\t\n        \n\t\t\t\t<div id=\"ngg-image-5\" class=\"ngg-gallery-thumbnail-box\" >\n\t\t\t\t        <div class=\"ngg-gallery-thumbnail\">\n            <a href=\"http:\/\/grupochiavassa.com\/esp\/wp-content\/gallery\/fotos-galpon\/14.jpg\"\n               title=\"\"\n               data-src=\"http:\/\/grupochiavassa.com\/esp\/wp-content\/gallery\/fotos-galpon\/14.jpg\"\n               data-thumbnail=\"http:\/\/grupochiavassa.com\/esp\/wp-content\/gallery\/fotos-galpon\/thumbs\/thumbs_14.jpg\"\n               data-image-id=\"318\"\n               data-title=\"14\"\n               data-description=\"\"\n               data-image-slug=\"14-2\"\n               class=\"ngg-fancybox\" rel=\"848\">\n                <img\n                    title=\"14\"\n                    alt=\"14\"\n                    src=\"http:\/\/grupochiavassa.com\/esp\/wp-content\/gallery\/fotos-galpon\/thumbs\/thumbs_14.jpg\"\n                    width=\"240\"\n                    height=\"160\"\n                    style=\"max-width:100%;\"\n                \/>\n            <\/a>\n        <\/div>\n\t\t\t\t\t\t\t<\/div> \n\t\t\t\n        \n\t\t\t\t<div id=\"ngg-image-6\" class=\"ngg-gallery-thumbnail-box\" >\n\t\t\t\t        <div class=\"ngg-gallery-thumbnail\">\n            <a href=\"http:\/\/grupochiavassa.com\/esp\/wp-content\/gallery\/fotos-galpon\/2.jpg\"\n               title=\"\"\n               data-src=\"http:\/\/grupochiavassa.com\/esp\/wp-content\/gallery\/fotos-galpon\/2.jpg\"\n               data-thumbnail=\"http:\/\/grupochiavassa.com\/esp\/wp-content\/gallery\/fotos-galpon\/thumbs\/thumbs_2.jpg\"\n               data-image-id=\"306\"\n               data-title=\"2\"\n               data-description=\"\"\n               data-image-slug=\"2-2\"\n               class=\"ngg-fancybox\" rel=\"848\">\n                <img\n                    title=\"2\"\n                    alt=\"2\"\n                    src=\"http:\/\/grupochiavassa.com\/esp\/wp-content\/gallery\/fotos-galpon\/thumbs\/thumbs_2.jpg\"\n                    width=\"240\"\n                    height=\"160\"\n                    style=\"max-width:100%;\"\n                \/>\n            <\/a>\n        <\/div>\n\t\t\t\t\t\t\t<\/div> \n\t\t\t\n        \n\t\t\t\t<div id=\"ngg-image-7\" class=\"ngg-gallery-thumbnail-box\" >\n\t\t\t\t        <div class=\"ngg-gallery-thumbnail\">\n            <a href=\"http:\/\/grupochiavassa.com\/esp\/wp-content\/gallery\/fotos-galpon\/3.jpg\"\n               title=\"\"\n               data-src=\"http:\/\/grupochiavassa.com\/esp\/wp-content\/gallery\/fotos-galpon\/3.jpg\"\n               data-thumbnail=\"http:\/\/grupochiavassa.com\/esp\/wp-content\/gallery\/fotos-galpon\/thumbs\/thumbs_3.jpg\"\n               data-image-id=\"307\"\n               data-title=\"3\"\n               data-description=\"\"\n               data-image-slug=\"3-2\"\n               class=\"ngg-fancybox\" rel=\"848\">\n                <img\n                    title=\"3\"\n                    alt=\"3\"\n                    src=\"http:\/\/grupochiavassa.com\/esp\/wp-content\/gallery\/fotos-galpon\/thumbs\/thumbs_3.jpg\"\n                    width=\"240\"\n                    height=\"160\"\n                    style=\"max-width:100%;\"\n                \/>\n            <\/a>\n        <\/div>\n\t\t\t\t\t\t\t<\/div> \n\t\t\t\n        \n\t\t\t\t<div id=\"ngg-image-8\" class=\"ngg-gallery-thumbnail-box\" >\n\t\t\t\t        <div class=\"ngg-gallery-thumbnail\">\n            <a href=\"http:\/\/grupochiavassa.com\/esp\/wp-content\/gallery\/fotos-galpon\/4.jpg\"\n               title=\"\"\n               data-src=\"http:\/\/grupochiavassa.com\/esp\/wp-content\/gallery\/fotos-galpon\/4.jpg\"\n               data-thumbnail=\"http:\/\/grupochiavassa.com\/esp\/wp-content\/gallery\/fotos-galpon\/thumbs\/thumbs_4.jpg\"\n               data-image-id=\"308\"\n               data-title=\"4\"\n               data-description=\"\"\n               data-image-slug=\"4-2\"\n               class=\"ngg-fancybox\" rel=\"848\">\n                <img\n                    title=\"4\"\n                    alt=\"4\"\n                    src=\"http:\/\/grupochiavassa.com\/esp\/wp-content\/gallery\/fotos-galpon\/thumbs\/thumbs_4.jpg\"\n                    width=\"240\"\n                    height=\"160\"\n                    style=\"max-width:100%;\"\n                \/>\n            <\/a>\n        <\/div>\n\t\t\t\t\t\t\t<\/div> \n\t\t\t\n        \n\t\t\t\t<div id=\"ngg-image-9\" class=\"ngg-gallery-thumbnail-box\" >\n\t\t\t\t        <div class=\"ngg-gallery-thumbnail\">\n            <a href=\"http:\/\/grupochiavassa.com\/esp\/wp-content\/gallery\/fotos-galpon\/5.jpg\"\n               title=\"\"\n               data-src=\"http:\/\/grupochiavassa.com\/esp\/wp-content\/gallery\/fotos-galpon\/5.jpg\"\n               data-thumbnail=\"http:\/\/grupochiavassa.com\/esp\/wp-content\/gallery\/fotos-galpon\/thumbs\/thumbs_5.jpg\"\n               data-image-id=\"309\"\n               data-title=\"5\"\n               data-description=\"\"\n               data-image-slug=\"5-2\"\n               class=\"ngg-fancybox\" rel=\"848\">\n                <img\n                    title=\"5\"\n                    alt=\"5\"\n                    src=\"http:\/\/grupochiavassa.com\/esp\/wp-content\/gallery\/fotos-galpon\/thumbs\/thumbs_5.jpg\"\n                    width=\"240\"\n                    height=\"160\"\n                    style=\"max-width:100%;\"\n                \/>\n            <\/a>\n        <\/div>\n\t\t\t\t\t\t\t<\/div> \n\t\t\t\n        \n\t\t\t\t<div id=\"ngg-image-10\" class=\"ngg-gallery-thumbnail-box\" >\n\t\t\t\t        <div class=\"ngg-gallery-thumbnail\">\n            <a href=\"http:\/\/grupochiavassa.com\/esp\/wp-content\/gallery\/fotos-galpon\/6.jpg\"\n               title=\"\"\n               data-src=\"http:\/\/grupochiavassa.com\/esp\/wp-content\/gallery\/fotos-galpon\/6.jpg\"\n               data-thumbnail=\"http:\/\/grupochiavassa.com\/esp\/wp-content\/gallery\/fotos-galpon\/thumbs\/thumbs_6.jpg\"\n               data-image-id=\"310\"\n               data-title=\"6\"\n               data-description=\"\"\n               data-image-slug=\"6-2\"\n               class=\"ngg-fancybox\" rel=\"848\">\n                <img\n                    title=\"6\"\n                    alt=\"6\"\n                    src=\"http:\/\/grupochiavassa.com\/esp\/wp-content\/gallery\/fotos-galpon\/thumbs\/thumbs_6.jpg\"\n                    width=\"240\"\n                    height=\"160\"\n                    style=\"max-width:100%;\"\n                \/>\n            <\/a>\n        <\/div>\n\t\t\t\t\t\t\t<\/div> \n\t\t\t\n        \n\t\t\t\t<div id=\"ngg-image-11\" class=\"ngg-gallery-thumbnail-box\" >\n\t\t\t\t        <div class=\"ngg-gallery-thumbnail\">\n            <a href=\"http:\/\/grupochiavassa.com\/esp\/wp-content\/gallery\/fotos-galpon\/7.jpg\"\n               title=\"\"\n               data-src=\"http:\/\/grupochiavassa.com\/esp\/wp-content\/gallery\/fotos-galpon\/7.jpg\"\n               data-thumbnail=\"http:\/\/grupochiavassa.com\/esp\/wp-content\/gallery\/fotos-galpon\/thumbs\/thumbs_7.jpg\"\n               data-image-id=\"311\"\n               data-title=\"7\"\n               data-description=\"\"\n               data-image-slug=\"7-2\"\n               class=\"ngg-fancybox\" rel=\"848\">\n                <img\n                    title=\"7\"\n                    alt=\"7\"\n                    src=\"http:\/\/grupochiavassa.com\/esp\/wp-content\/gallery\/fotos-galpon\/thumbs\/thumbs_7.jpg\"\n                    width=\"240\"\n                    height=\"160\"\n                    style=\"max-width:100%;\"\n                \/>\n            <\/a>\n        <\/div>\n\t\t\t\t\t\t\t<\/div> \n\t\t\t\n        \n\t\t\t\t<div id=\"ngg-image-12\" class=\"ngg-gallery-thumbnail-box\" >\n\t\t\t\t        <div class=\"ngg-gallery-thumbnail\">\n            <a href=\"http:\/\/grupochiavassa.com\/esp\/wp-content\/gallery\/fotos-galpon\/8.jpg\"\n               title=\"\"\n               data-src=\"http:\/\/grupochiavassa.com\/esp\/wp-content\/gallery\/fotos-galpon\/8.jpg\"\n               data-thumbnail=\"http:\/\/grupochiavassa.com\/esp\/wp-content\/gallery\/fotos-galpon\/thumbs\/thumbs_8.jpg\"\n               data-image-id=\"312\"\n               data-title=\"8\"\n               data-description=\"\"\n               data-image-slug=\"8-3\"\n               class=\"ngg-fancybox\" rel=\"848\">\n                <img\n                    title=\"8\"\n                    alt=\"8\"\n                    src=\"http:\/\/grupochiavassa.com\/esp\/wp-content\/gallery\/fotos-galpon\/thumbs\/thumbs_8.jpg\"\n                    width=\"240\"\n                    height=\"160\"\n                    style=\"max-width:100%;\"\n                \/>\n            <\/a>\n        <\/div>\n\t\t\t\t\t\t\t<\/div> \n\t\t\t\n        \n\t\t\t\t<div id=\"ngg-image-13\" class=\"ngg-gallery-thumbnail-box\" >\n\t\t\t\t        <div class=\"ngg-gallery-thumbnail\">\n            <a href=\"http:\/\/grupochiavassa.com\/esp\/wp-content\/gallery\/fotos-galpon\/9.jpg\"\n               title=\"\"\n               data-src=\"http:\/\/grupochiavassa.com\/esp\/wp-content\/gallery\/fotos-galpon\/9.jpg\"\n               data-thumbnail=\"http:\/\/grupochiavassa.com\/esp\/wp-content\/gallery\/fotos-galpon\/thumbs\/thumbs_9.jpg\"\n               data-image-id=\"313\"\n               data-title=\"9\"\n               data-description=\"\"\n               data-image-slug=\"9-2\"\n               class=\"ngg-fancybox\" rel=\"848\">\n                <img\n                    title=\"9\"\n                    alt=\"9\"\n                    src=\"http:\/\/grupochiavassa.com\/esp\/wp-content\/gallery\/fotos-galpon\/thumbs\/thumbs_9.jpg\"\n                    width=\"240\"\n                    height=\"160\"\n                    style=\"max-width:100%;\"\n                \/>\n            <\/a>\n        <\/div>\n\t\t\t\t\t\t\t<\/div> \n\t\t\t\n        \n\t\t\t\t<div id=\"ngg-image-14\" class=\"ngg-gallery-thumbnail-box\" >\n\t\t\t\t        <div class=\"ngg-gallery-thumbnail\">\n            <a href=\"http:\/\/grupochiavassa.com\/esp\/wp-content\/gallery\/fotos-galpon\/DSC_1481.jpg\"\n               title=\"\"\n               data-src=\"http:\/\/grupochiavassa.com\/esp\/wp-content\/gallery\/fotos-galpon\/DSC_1481.jpg\"\n               data-thumbnail=\"http:\/\/grupochiavassa.com\/esp\/wp-content\/gallery\/fotos-galpon\/thumbs\/thumbs_DSC_1481.jpg\"\n               data-image-id=\"319\"\n               data-title=\"DSC_1481\"\n               data-description=\"\"\n               data-image-slug=\"dsc_1481-1\"\n               class=\"ngg-fancybox\" rel=\"848\">\n                <img\n                    title=\"DSC_1481\"\n                    alt=\"DSC_1481\"\n                    src=\"http:\/\/grupochiavassa.com\/esp\/wp-content\/gallery\/fotos-galpon\/thumbs\/thumbs_DSC_1481.jpg\"\n                    width=\"240\"\n                    height=\"160\"\n                    style=\"max-width:100%;\"\n                \/>\n            <\/a>\n        <\/div>\n\t\t\t\t\t\t\t<\/div> \n\t\t\t\n        \n\t\t\t\t<div id=\"ngg-image-15\" class=\"ngg-gallery-thumbnail-box\" >\n\t\t\t\t        <div class=\"ngg-gallery-thumbnail\">\n            <a href=\"http:\/\/grupochiavassa.com\/esp\/wp-content\/gallery\/fotos-galpon\/DSC_1493.jpg\"\n               title=\"\"\n               data-src=\"http:\/\/grupochiavassa.com\/esp\/wp-content\/gallery\/fotos-galpon\/DSC_1493.jpg\"\n               data-thumbnail=\"http:\/\/grupochiavassa.com\/esp\/wp-content\/gallery\/fotos-galpon\/thumbs\/thumbs_DSC_1493.jpg\"\n               data-image-id=\"320\"\n               data-title=\"DSC_1493\"\n               data-description=\"\"\n               data-image-slug=\"dsc_1493-1\"\n               class=\"ngg-fancybox\" rel=\"848\">\n                <img\n                    title=\"DSC_1493\"\n                    alt=\"DSC_1493\"\n                    src=\"http:\/\/grupochiavassa.com\/esp\/wp-content\/gallery\/fotos-galpon\/thumbs\/thumbs_DSC_1493.jpg\"\n                    width=\"240\"\n                    height=\"160\"\n                    style=\"max-width:100%;\"\n                \/>\n            <\/a>\n        <\/div>\n\t\t\t\t\t\t\t<\/div> \n\t\t\t\n        \n\t\t\t\t<div id=\"ngg-image-16\" class=\"ngg-gallery-thumbnail-box\" >\n\t\t\t\t        <div class=\"ngg-gallery-thumbnail\">\n            <a href=\"http:\/\/grupochiavassa.com\/esp\/wp-content\/gallery\/fotos-galpon\/DSC_1495.jpg\"\n               title=\"\"\n               data-src=\"http:\/\/grupochiavassa.com\/esp\/wp-content\/gallery\/fotos-galpon\/DSC_1495.jpg\"\n               data-thumbnail=\"http:\/\/grupochiavassa.com\/esp\/wp-content\/gallery\/fotos-galpon\/thumbs\/thumbs_DSC_1495.jpg\"\n               data-image-id=\"321\"\n               data-title=\"DSC_1495\"\n               data-description=\"\"\n               data-image-slug=\"dsc_1495-1\"\n               class=\"ngg-fancybox\" rel=\"848\">\n                <img\n                    title=\"DSC_1495\"\n                    alt=\"DSC_1495\"\n                    src=\"http:\/\/grupochiavassa.com\/esp\/wp-content\/gallery\/fotos-galpon\/thumbs\/thumbs_DSC_1495.jpg\"\n                    width=\"240\"\n                    height=\"160\"\n                    style=\"max-width:100%;\"\n                \/>\n            <\/a>\n        <\/div>\n\t\t\t\t\t\t\t<\/div> \n\t\t\t\n        \n\t\t\t\t<div id=\"ngg-image-17\" class=\"ngg-gallery-thumbnail-box\" >\n\t\t\t\t        <div class=\"ngg-gallery-thumbnail\">\n            <a href=\"http:\/\/grupochiavassa.com\/esp\/wp-content\/gallery\/fotos-galpon\/DSC_1514.jpg\"\n               title=\"\"\n               data-src=\"http:\/\/grupochiavassa.com\/esp\/wp-content\/gallery\/fotos-galpon\/DSC_1514.jpg\"\n               data-thumbnail=\"http:\/\/grupochiavassa.com\/esp\/wp-content\/gallery\/fotos-galpon\/thumbs\/thumbs_DSC_1514.jpg\"\n               data-image-id=\"322\"\n               data-title=\"DSC_1514\"\n               data-description=\"\"\n               data-image-slug=\"dsc_1514-1\"\n               class=\"ngg-fancybox\" rel=\"848\">\n                <img\n                    title=\"DSC_1514\"\n                    alt=\"DSC_1514\"\n                    src=\"http:\/\/grupochiavassa.com\/esp\/wp-content\/gallery\/fotos-galpon\/thumbs\/thumbs_DSC_1514.jpg\"\n                    width=\"240\"\n                    height=\"160\"\n                    style=\"max-width:100%;\"\n                \/>\n            <\/a>\n        <\/div>\n\t\t\t\t\t\t\t<\/div> \n\t\t\t\n        \n\t\t\t\t<div id=\"ngg-image-18\" class=\"ngg-gallery-thumbnail-box\" >\n\t\t\t\t        <div class=\"ngg-gallery-thumbnail\">\n            <a href=\"http:\/\/grupochiavassa.com\/esp\/wp-content\/gallery\/fotos-galpon\/DSC_1522.jpg\"\n               title=\"\"\n               data-src=\"http:\/\/grupochiavassa.com\/esp\/wp-content\/gallery\/fotos-galpon\/DSC_1522.jpg\"\n               data-thumbnail=\"http:\/\/grupochiavassa.com\/esp\/wp-content\/gallery\/fotos-galpon\/thumbs\/thumbs_DSC_1522.jpg\"\n               data-image-id=\"323\"\n               data-title=\"DSC_1522\"\n               data-description=\"\"\n               data-image-slug=\"dsc_1522-1\"\n               class=\"ngg-fancybox\" rel=\"848\">\n                <img\n                    title=\"DSC_1522\"\n                    alt=\"DSC_1522\"\n                    src=\"http:\/\/grupochiavassa.com\/esp\/wp-content\/gallery\/fotos-galpon\/thumbs\/thumbs_DSC_1522.jpg\"\n                    width=\"240\"\n                    height=\"160\"\n                    style=\"max-width:100%;\"\n                \/>\n            <\/a>\n        <\/div>\n\t\t\t\t\t\t\t<\/div> \n\t\t\t\n        \n\t\t\n\t\t<!-- Pagination -->\n\t<div class='ngg-clear'><\/div>\t<\/div>\n<\/p>\n<p>&nbsp;<\/p>\n<p>Para tener en cuenta:<br \/>\n&#8211; Un proyecto adaptado a las caracter\u00edsticas del lugar y a las posibilidades del establecimiento.<br \/>\n&#8211; Manejo adecuado de la cama de compost.<br \/>\n&#8211; Control de la humedad y de las caracter\u00edsticas de la superficie.<br \/>\n&#8211; Densidad animal adecuada.<br \/>\n&#8211; Evaluaci\u00f3n de costos.<\/p>\n","protected":false},"excerpt":{"rendered":"<p>BIENESTAR ANIMAL En 2011, miembros del Grupo Chiavassa viajaron a Chile, Estados Unidos, Canad\u00e1 e Israel, para conocer distintas experiencias [&hellip;]<\/p>\n","protected":false},"author":2,"featured_media":0,"parent":0,"menu_order":0,"comment_status":"closed","ping_status":"closed","template":"","meta":{"ngg_post_thumbnail":0},"_links":{"self":[{"href":"http:\/\/grupochiavassa.com\/esp\/wp-json\/wp\/v2\/pages\/29"}],"collection":[{"href":"http:\/\/grupochiavassa.com\/esp\/wp-json\/wp\/v2\/pages"}],"about":[{"href":"http:\/\/grupochiavassa.com\/esp\/wp-json\/wp\/v2\/types\/page"}],"author":[{"embeddable":true,"href":"http:\/\/grupochiavassa.com\/esp\/wp-json\/wp\/v2\/users\/2"}],"replies":[{"embeddable":true,"href":"http:\/\/grupochiavassa.com\/esp\/wp-json\/wp\/v2\/comments?post=29"}],"version-history":[{"count":3,"href":"http:\/\/grupochiavassa.com\/esp\/wp-json\/wp\/v2\/pages\/29\/revisions"}],"predecessor-version":[{"id":849,"href":"http:\/\/grupochiavassa.com\/esp\/wp-json\/wp\/v2\/pages\/29\/revisions\/849"}],"wp:attachment":[{"href":"http:\/\/grupochiavassa.com\/esp\/wp-json\/wp\/v2\/media?parent=29"}],"curies":[{"name":"wp","href":"https:\/\/api.w.org\/{rel}","templated":true}]}}