{"id":44,"date":"2016-02-10T13:38:35","date_gmt":"2016-02-10T13:38:35","guid":{"rendered":"http:\/\/grupochiavassa.com\/esp\/?page_id=44"},"modified":"2016-02-10T13:38:35","modified_gmt":"2016-02-10T13:38:35","slug":"genetica-animal","status":"publish","type":"page","link":"http:\/\/grupochiavassa.com\/esp\/genetica-animal\/","title":{"rendered":"Gen\u00e9tica animal"},"content":{"rendered":"<h2 class=\"page-heading\">GEN\u00c9TICA ANIMAL<\/h2>\n<p><img class=\"img-frame aligncenter\" src=\"http:\/\/grupochiavassa.com\/web\/wp-content\/uploads\/2013\/11\/genetica.jpg\" alt=\"\" \/><\/p>\n<p>&nbsp;<\/p>\n<p>El establecimiento no escapa a los desaf\u00edos que enfrentan los productores a nivel global en cuanto a la selecci\u00f3n gen\u00e9tica. Al aumentar las escala de producci\u00f3n, se plantea la necesidad de encontrar vacas m\u00e1s sanas, f\u00e9rtiles y longevas; pero tambi\u00e9n m\u00e1s eficientes en su capacidad de conversi\u00f3n.<br \/>\nPara lograr estos objetivos, el Grupo Chiavassa se apoya en tres pilares fundamentales:<\/p>\n<p><strong>\u2022\u00a0Toros gen\u00f3micos:\u00a0<\/strong>Nuestro programa gen\u00e9tico contempla el uso de 100% de toros gen\u00f3micos, usados en forma grupal y rotativa, los que deben estar ubicados dentro de los 100 primeros del ranking mundial por GTPI.<\/p>\n<p><strong>\u2022\u00a0N\u00facleo Gen\u00e9tico Elite:\u00a0<\/strong>Tambi\u00e9n tenemos identificado un grupo de hembras elite que forman nuestro grupo de donantes, quienes son las madres de los reproductores que ofrecemos para la venta. Estas donantes son elegidas combinando su informaci\u00f3n gen\u00f3mica con la performance real que comprobamos bajo nuestro exigente sistema de trabajo.<\/p>\n<p><strong>\u2022 Semen sexado:\u00a0<\/strong>La utilizaci\u00f3n de semen sexado en las vaquillonas asegura que el porcentaje anual de partos hembras superen el 56%. Esto permite un flujo de vaquillonas disponibles que supera a las necesidades de reposici\u00f3n para cubrir nuestro descarte involuntario y aumentar la presi\u00f3n de selecci\u00f3n en nuestro rodeo.<br \/>\nDe esta manera, es posible decidir cu\u00e1l ser\u00e1 el porcentaje de crecimiento anual o descartar voluntariamente mayor cantidad de vacas adultas, en la b\u00fasqueda de un rodeo con animales m\u00e1s eficientes.<\/p>\n<p>&nbsp;<\/p>\n","protected":false},"excerpt":{"rendered":"<p>GEN\u00c9TICA ANIMAL &nbsp; El establecimiento no escapa a los desaf\u00edos que enfrentan los productores a nivel global en cuanto a [&hellip;]<\/p>\n","protected":false},"author":2,"featured_media":0,"parent":0,"menu_order":0,"comment_status":"closed","ping_status":"closed","template":"","meta":{"ngg_post_thumbnail":0},"_links":{"self":[{"href":"http:\/\/grupochiavassa.com\/esp\/wp-json\/wp\/v2\/pages\/44"}],"collection":[{"href":"http:\/\/grupochiavassa.com\/esp\/wp-json\/wp\/v2\/pages"}],"about":[{"href":"http:\/\/grupochiavassa.com\/esp\/wp-json\/wp\/v2\/types\/page"}],"author":[{"embeddable":true,"href":"http:\/\/grupochiavassa.com\/esp\/wp-json\/wp\/v2\/users\/2"}],"replies":[{"embeddable":true,"href":"http:\/\/grupochiavassa.com\/esp\/wp-json\/wp\/v2\/comments?post=44"}],"version-history":[{"count":1,"href":"http:\/\/grupochiavassa.com\/esp\/wp-json\/wp\/v2\/pages\/44\/revisions"}],"predecessor-version":[{"id":45,"href":"http:\/\/grupochiavassa.com\/esp\/wp-json\/wp\/v2\/pages\/44\/revisions\/45"}],"wp:attachment":[{"href":"http:\/\/grupochiavassa.com\/esp\/wp-json\/wp\/v2\/media?parent=44"}],"curies":[{"name":"wp","href":"https:\/\/api.w.org\/{rel}","templated":true}]}}