{"id":46,"date":"2016-02-10T13:40:33","date_gmt":"2016-02-10T13:40:33","guid":{"rendered":"http:\/\/grupochiavassa.com\/esp\/?page_id=46"},"modified":"2016-02-10T13:40:51","modified_gmt":"2016-02-10T13:40:51","slug":"historia","status":"publish","type":"page","link":"http:\/\/grupochiavassa.com\/esp\/historia\/","title":{"rendered":"Historia"},"content":{"rendered":"<h2 class=\"page-heading\">HISTORIA<\/h2>\n<p><img class=\"img-frame  aligncenter\" src=\"http:\/\/grupochiavassa.com\/web\/wp-content\/uploads\/2013\/11\/historia21.jpg\" alt=\"\" \/><\/p>\n<p>&nbsp;<\/p>\n<h2 class=\"page-heading\">Una historia de esfuerzo<\/h2>\n<p style=\"text-align: justify;\">Sobre finales del siglo XIX, no se viv\u00edan tiempos f\u00e1ciles en el norte de Italia. Por ese motivo y como tantos otros habitantes de la regi\u00f3n del Piamonte, Pedro Chiavassa decidi\u00f3 emigrar en 1881 hacia la Argentina, una tierra por entonces promisoria.<\/p>\n<p style=\"text-align: justify;\">Junto a su familia se afinc\u00f3 en la zona donde hoy se sit\u00faa el pueblo de Carlos Pellegrini, en el centro-oeste de la provincia de Santa Fe. Desde un principio, se dedicaron a la actividad agropecuaria.<\/p>\n<p style=\"text-align: justify;\">Los registros hist\u00f3ricos revelan que ya en 1924, Domingo Chiavassa, hijo de Pedro, era productor de leche en un tambo ubicado apenas a cinco kil\u00f3metros del sitio donde los integrantes de la tercera y cuarta generaci\u00f3n argentina de la familia llevan adelante uno de los establecimientos lecheros m\u00e1s modernos y eficientes del pa\u00eds y del resto de Latinoam\u00e9rica.<\/p>\n<p style=\"text-align: justify;\">El esfuerzo de Domingo no fue en vano. Su hijo Leonisio continu\u00f3 con este arduo trabajo, contribuyendo a fortalecer las bases del establecimiento actual.<\/p>\n<p style=\"text-align: justify;\">Desde 1982, Carlos Chiavassa -uno de los nietos de Domingo-, comenz\u00f3 a gerenciar la empresa. Pocos a\u00f1os despu\u00e9s, se fueron sumando su esposa Pini y sus cuatro hijos (Cristian, Soledad, Crist\u00f3bal y Roc\u00edo), lo que represent\u00f3 un momento clave en la historia del establecimiento. De esa manera, naci\u00f3 el \u201cGrupo Chiavassa\u201d, una empresa familiar donde cada uno de sus integrantes cumple un rol espec\u00edfico en busca de objetivos comunes.<\/p>\n<p style=\"text-align: justify;\">En 2010 se produjo un hecho clave en el desarrollo empresarial: la puesta en funcionamiento del primer sistema rotativo de orde\u00f1e interno de la Argentina. Conocido popularmente como \u201ctambo calesita\u201d, cont\u00f3 desde un principio con toda la tecnolog\u00eda necesaria para el seguimiento individualizado del rodeo, lo que permiti\u00f3 mejorar la eficiencia de trabajo e incrementar la producci\u00f3n.<\/p>\n<p style=\"text-align: justify;\">A partir de entonces, se fueron sumando inversiones esenciales en materia de control y bienestar animal, gen\u00e9tica, recursos humanos, nutrici\u00f3n y gerenciamiento.<\/p>\n","protected":false},"excerpt":{"rendered":"<p>HISTORIA &nbsp; Una historia de esfuerzo Sobre finales del siglo XIX, no se viv\u00edan tiempos f\u00e1ciles en el norte de [&hellip;]<\/p>\n","protected":false},"author":2,"featured_media":0,"parent":0,"menu_order":0,"comment_status":"closed","ping_status":"closed","template":"","meta":{"ngg_post_thumbnail":0},"_links":{"self":[{"href":"http:\/\/grupochiavassa.com\/esp\/wp-json\/wp\/v2\/pages\/46"}],"collection":[{"href":"http:\/\/grupochiavassa.com\/esp\/wp-json\/wp\/v2\/pages"}],"about":[{"href":"http:\/\/grupochiavassa.com\/esp\/wp-json\/wp\/v2\/types\/page"}],"author":[{"embeddable":true,"href":"http:\/\/grupochiavassa.com\/esp\/wp-json\/wp\/v2\/users\/2"}],"replies":[{"embeddable":true,"href":"http:\/\/grupochiavassa.com\/esp\/wp-json\/wp\/v2\/comments?post=46"}],"version-history":[{"count":1,"href":"http:\/\/grupochiavassa.com\/esp\/wp-json\/wp\/v2\/pages\/46\/revisions"}],"predecessor-version":[{"id":47,"href":"http:\/\/grupochiavassa.com\/esp\/wp-json\/wp\/v2\/pages\/46\/revisions\/47"}],"wp:attachment":[{"href":"http:\/\/grupochiavassa.com\/esp\/wp-json\/wp\/v2\/media?parent=46"}],"curies":[{"name":"wp","href":"https:\/\/api.w.org\/{rel}","templated":true}]}}