{"id":59,"date":"2016-02-10T14:06:01","date_gmt":"2016-02-10T14:06:01","guid":{"rendered":"http:\/\/grupochiavassa.com\/esp\/?page_id=59"},"modified":"2016-02-10T14:06:01","modified_gmt":"2016-02-10T14:06:01","slug":"nuestro-equipo","status":"publish","type":"page","link":"http:\/\/grupochiavassa.com\/esp\/nuestro-equipo\/","title":{"rendered":"Nuestro Equipo"},"content":{"rendered":"<h2 class=\"page-heading\">Nuestro Equipo<\/h2>\n<p><img class=\"img-frame  aligncenter\" src=\"http:\/\/grupochiavassa.com\/web\/wp-content\/uploads\/2015\/11\/DSC_1606_web.jpg\" alt=\"\" \/><\/p>\n<p>&nbsp;<\/p>\n<h2 class=\"page-heading\"><\/h2>\n<p>La experiencia indica que todo emprendimiento lechero es generador de numerosos puestos de trabajo. Y en este contexto, quienes integramos el Grupo Chiavassa comprendemos que la calidad de la producci\u00f3n y la sustentabilidad del establecimiento est\u00e1n directamente relacionadas con los grupos humanos que vuelcan su esfuerzo y su conocimiento.<\/p>\n<p>Por ese motivo, consideramos a nuestro equipo de trabajo como el verdadero valuarte de la empresa. Bajo esta premisa, a los seis integrantes de la familia que conduce el establecimiento, se suman 38 empleados que cada d\u00eda dan lo mejor de s\u00ed para alcanzar los objetivos. En algunos casos, cuentan con m\u00e1s de 35 a\u00f1os trabajando con el grupo.<\/p>\n<p>Divididos en equipos, desarrollan tareas en \u00e1reas espec\u00edficas (agricultura, crianza y recr\u00eda, tambo, maquinarias, etc.), convencidos de que el aporte de cada uno de ellos resulta fundamental para cumplir con las metas globales de la empresa.<\/p>\n<p>El trabajo conjunto, la capacitaci\u00f3n y la retroalimenaci\u00f3n de conocimientos, resultan claves en este proceso.<\/p>\n<p>A ellos se suman asesores t\u00e9cnicos de primer nivel, quienes aportan sus conocimientos y experiencias para la mejora de los procesos.<\/p>\n<p>Algunos de estos especialistas son:<\/p>\n<p>&#8211; \u00a0 \u00a0 \u00a0 \u00a0 \u00a0Jorge Lardiz\u00e1bal (Costos y Control de Gesti\u00f3n)<\/p>\n<p>&#8211; \u00a0 \u00a0 \u00a0 \u00a0 \u00a0Gustavo Clemente (Forrajes Conservados)<\/p>\n<p>&#8211; \u00a0 \u00a0 \u00a0 \u00a0 \u00a0Fernando Bargo (Nutrici\u00f3n)<\/p>\n<p>&#8211; \u00a0 \u00a0 \u00a0 \u00a0 \u00a0Fernando Preumayr (Recursos Humanos)<\/p>\n<p>&#8211; \u00a0 \u00a0 \u00a0 \u00a0 \u00a0Martin Pol (Calidad de Leche)<\/p>\n<p>&#8211; \u00a0 \u00a0 \u00a0 \u00a0 \u00a0Carlos Catracchia (Maternidad y Crianza)<\/p>\n<p>&#8211; \u00a0 \u00a0 \u00a0 \u00a0 \u00a0Horacio Larrea (Gen\u00e9tica)<\/p>\n<p>&#8211; \u00a0 \u00a0 \u00a0 \u00a0 \u00a0Juan Carlos Depetris (Asesor Legal)<\/p>\n<p>&#8211; \u00a0 \u00a0 \u00a0 \u00a0 \u00a0German Operti (Asesor Impositivo)<\/p>\n<p>Si est\u00e1s interesado en volcar tu trabajo y tus conocimientos en la tarea que a diario realizamos los integrantes del Grupo Chiavassa, no dudes en comunicarte con nosotros a trav\u00e9s del correo electr\u00f3nico <a href=\"mailto:info@grupochiavasa.com\">info@grupochiavasa.com<\/a> All\u00ed podr\u00e1s enviar tu curr\u00edculum o hacernos conocer tu visi\u00f3n sobre esta actividad<\/p>\n<p>Nuestro objetivo es buscar la excelencia, a trav\u00e9s del esfuerzo, la creatividad, la actualizaci\u00f3n tecnol\u00f3gica, el conocimiento y el continuo intercambio de informaci\u00f3n.<\/p>\n<p style=\"text-align: justify;\">\n","protected":false},"excerpt":{"rendered":"<p>Nuestro Equipo &nbsp; La experiencia indica que todo emprendimiento lechero es generador de numerosos puestos de trabajo. Y en este [&hellip;]<\/p>\n","protected":false},"author":2,"featured_media":0,"parent":0,"menu_order":0,"comment_status":"closed","ping_status":"closed","template":"","meta":{"ngg_post_thumbnail":0},"_links":{"self":[{"href":"http:\/\/grupochiavassa.com\/esp\/wp-json\/wp\/v2\/pages\/59"}],"collection":[{"href":"http:\/\/grupochiavassa.com\/esp\/wp-json\/wp\/v2\/pages"}],"about":[{"href":"http:\/\/grupochiavassa.com\/esp\/wp-json\/wp\/v2\/types\/page"}],"author":[{"embeddable":true,"href":"http:\/\/grupochiavassa.com\/esp\/wp-json\/wp\/v2\/users\/2"}],"replies":[{"embeddable":true,"href":"http:\/\/grupochiavassa.com\/esp\/wp-json\/wp\/v2\/comments?post=59"}],"version-history":[{"count":1,"href":"http:\/\/grupochiavassa.com\/esp\/wp-json\/wp\/v2\/pages\/59\/revisions"}],"predecessor-version":[{"id":60,"href":"http:\/\/grupochiavassa.com\/esp\/wp-json\/wp\/v2\/pages\/59\/revisions\/60"}],"wp:attachment":[{"href":"http:\/\/grupochiavassa.com\/esp\/wp-json\/wp\/v2\/media?parent=59"}],"curies":[{"name":"wp","href":"https:\/\/api.w.org\/{rel}","templated":true}]}}