{"id":63,"date":"2016-02-10T14:11:01","date_gmt":"2016-02-10T14:11:01","guid":{"rendered":"http:\/\/grupochiavassa.com\/esp\/?page_id=63"},"modified":"2016-02-10T14:11:01","modified_gmt":"2016-02-10T14:11:01","slug":"quienes-somos","status":"publish","type":"page","link":"http:\/\/grupochiavassa.com\/esp\/quienes-somos\/","title":{"rendered":"Quienes Somos"},"content":{"rendered":"<h2 class=\"page-heading\">QUIENES SOMOS\/ Misi\u00f3n, Visi\u00f3n y Valores de la Empresa<\/h2>\n<p><img class=\"img-frame \" src=\"http:\/\/grupochiavassa.com\/web\/wp-content\/uploads\/2013\/11\/quienes.fw_.png\" alt=\"\" \/><\/p>\n<div class=\"cols-wrapper cols-3\">\n<div class=\"col\">\n<p style=\"text-align: center;\"><img class=\"img-frame \" src=\"http:\/\/grupochiavassa.com\/web\/wp-content\/uploads\/2013\/11\/1.png\" alt=\"\" \/><\/p>\n<p style=\"text-align: left;\">\u201cPara alcanzar los objetivos fijados, es fundamental tener metas claras a corto, mediano y largo plazo; profesionalizar los sectores estrat\u00e9gicos; comunicar con claridad; estar dispuestos a incorporar nuevos conocimientos y, sobre todo, saber delegar la autoridad.\u201d<\/p>\n<p style=\"text-align: justify;\"><span style=\"color: #029fc5;\"><strong>Carlos Chiavassa<\/strong><\/span><\/p>\n<\/div>\n<div class=\"col\">\n<p style=\"text-align: center;\"><img class=\"img-frame \" src=\"http:\/\/grupochiavassa.com\/web\/wp-content\/uploads\/2013\/11\/21.png\" alt=\"\" \/><\/p>\n<p style=\"text-align: left;\">\u00abEs esencial la b\u00fasqueda de la excelencia a trav\u00e9s del trabajo interdisciplinario con el aporte de asesores id\u00f3neos, ejecutantes comprometidos y tecnolog\u00eda de avanzada\u201d<\/p>\n<p style=\"text-align: justify;\"><span style=\"color: #029fc5;\"><strong>Pini Poloni<\/strong><\/span><\/p>\n<\/div>\n<div class=\"col nomargin\">\n<p style=\"text-align: center;\"><img class=\"img-frame \" src=\"http:\/\/grupochiavassa.com\/web\/wp-content\/uploads\/2013\/11\/31.png\" alt=\"\" \/><\/p>\n<p style=\"text-align: left;\">\u00abSomos un grupo de personas que nos sentimos orgullosos de lo que hacemos. Estamos comprometidos para mejorar continuamente y tenemos como objetivo innovar nuestros procesos para ser m\u00e1s eficientes. Miramos a largo plazo\u201d<\/p>\n<p style=\"text-align: justify;\"><span style=\"color: #029fc5;\"><strong>Cristian Chiavassa<\/strong><\/span><\/p>\n<\/div>\n<\/div>\n<div class=\"cols-wrapper cols-3\">\n<div class=\"col\">\n<p style=\"text-align: center;\"><img class=\"img-frame \" src=\"http:\/\/grupochiavassa.com\/web\/wp-content\/uploads\/2013\/11\/51.png\" alt=\"\" \/><\/p>\n<p style=\"text-align: left;\">\u201cApostamos por la uni\u00f3n de los equipos de trabajo, sobre la base de la confianza y honestidad para trabajar de manera responsable\u201d<\/p>\n<p style=\"text-align: justify;\"><span style=\"color: #029fc5;\"><strong>Crist\u00f3bal Chiavassa<\/strong><\/span><\/p>\n<\/div>\n<div class=\"col\" style=\"text-align: center;\">\n<p><img class=\"img-frame \" src=\"http:\/\/grupochiavassa.com\/web\/wp-content\/uploads\/2013\/11\/61.png\" alt=\"\" \/><\/p>\n<p style=\"text-align: left;\">\u00abEl valor fundamental de nuestra empresa es el humano\u201d<\/p>\n<p style=\"text-align: justify;\"><span style=\"color: #029fc5;\"><strong>Soledad Chiavassa<\/strong><\/span><\/p>\n<\/div>\n<div class=\"col nomargin\">\n<p><img class=\"img-frame \" src=\"http:\/\/grupochiavassa.com\/web\/wp-content\/uploads\/2013\/11\/41.png\" alt=\"\" \/><\/p>\n<p style=\"text-align: left;\">\u201cEs fundamental trabajar con compromiso y profesionalismo\u201d<\/p>\n<p style=\"text-align: justify;\"><span style=\"color: #029fc5;\"><strong>Roc\u00edo Chiavassa<\/strong><\/span><\/p>\n<\/div>\n<\/div>\n<hr \/>\n","protected":false},"excerpt":{"rendered":"<p>QUIENES SOMOS\/ Misi\u00f3n, Visi\u00f3n y Valores de la Empresa \u201cPara alcanzar los objetivos fijados, es fundamental tener metas claras a [&hellip;]<\/p>\n","protected":false},"author":2,"featured_media":0,"parent":0,"menu_order":0,"comment_status":"closed","ping_status":"closed","template":"","meta":{"ngg_post_thumbnail":0},"_links":{"self":[{"href":"http:\/\/grupochiavassa.com\/esp\/wp-json\/wp\/v2\/pages\/63"}],"collection":[{"href":"http:\/\/grupochiavassa.com\/esp\/wp-json\/wp\/v2\/pages"}],"about":[{"href":"http:\/\/grupochiavassa.com\/esp\/wp-json\/wp\/v2\/types\/page"}],"author":[{"embeddable":true,"href":"http:\/\/grupochiavassa.com\/esp\/wp-json\/wp\/v2\/users\/2"}],"replies":[{"embeddable":true,"href":"http:\/\/grupochiavassa.com\/esp\/wp-json\/wp\/v2\/comments?post=63"}],"version-history":[{"count":1,"href":"http:\/\/grupochiavassa.com\/esp\/wp-json\/wp\/v2\/pages\/63\/revisions"}],"predecessor-version":[{"id":64,"href":"http:\/\/grupochiavassa.com\/esp\/wp-json\/wp\/v2\/pages\/63\/revisions\/64"}],"wp:attachment":[{"href":"http:\/\/grupochiavassa.com\/esp\/wp-json\/wp\/v2\/media?parent=63"}],"curies":[{"name":"wp","href":"https:\/\/api.w.org\/{rel}","templated":true}]}}