{"id":67,"date":"2016-02-10T14:16:43","date_gmt":"2016-02-10T14:16:43","guid":{"rendered":"http:\/\/grupochiavassa.com\/esp\/?page_id=67"},"modified":"2016-02-10T14:16:43","modified_gmt":"2016-02-10T14:16:43","slug":"ubicacion","status":"publish","type":"page","link":"http:\/\/grupochiavassa.com\/esp\/ubicacion\/","title":{"rendered":"Ubicaci\u00f3n"},"content":{"rendered":"<h2 class=\"page-heading\">\u00bfD\u00f3nde estamos?<\/h2>\n<p>El establecimiento del Grupo Chiavassa se encuentra a pocos kil\u00f3metros de la localidad de Carlos Pellegrini, en el oeste de la provincia de Santa Fe, Argentina. Se trata de una zona habitada en gran medida por descendientes de las inmigraciones europeas llegadas al pa\u00eds entre finales del siglo XIX y principios del siglo XX.<\/p>\n<p>Santa Fe est\u00e1 enclavada en la zona agr\u00edcolo-ganadera por excelencia y, a la vez, cuenta con un importante desarrollo industrial y portuario. Tanto es as\u00ed, que el Producto Bruto Geogr\u00e1fico de esta provincia representa el 8% del Producto Bruto Interno del pa\u00eds.<\/p>\n<p>En Santa Fe se encuentra una parte fundamental de la mayor cuenca lechera de Latinoam\u00e9rica, y en esta provincia se produce la tercera parte de la leche vacuna de la Argentina.<\/p>\n<p>La actividad se ve facilitada por las buenas pasturas, que posibilitan la cr\u00eda de un ganado vacuno de excelente calidad. La raza m\u00e1s difundida es la Holando Argentina, productora de leche, que se distribuye especialmente en la regi\u00f3n central.<\/p>\n<p>La provincia representa adem\u00e1s el 21 % del \u00e1rea sembrada en la Argentina, es la primera productora de cereales y la segunda en cuanto a la extracci\u00f3n de semillas oleaginosas, destinadas a producir aceite comestible y sus derivados.<\/p>\n<p>Distancia a los principales centros urbanos:<\/p>\n<p>475 km de la Ciudad de Buenos Aires.<br \/>\n148 km de la ciudad de Rosario.<br \/>\n167 km de la ciudad de Santa fe.<\/p>\n<p>&nbsp;<\/p>\n<p><strong>Oficinas<\/strong><\/p>\n<hr \/>\n<p>&nbsp;<\/p>\n<p><iframe loading=\"lazy\" src=\"https:\/\/www.google.com\/maps\/embed?pb=!1m18!1m12!1m3!1d27054.765380388122!2d-61.78137647994097!3d-32.0463684477301!2m3!1f0!2f0!3f0!3m2!1i1024!2i768!4f13.1!3m3!1m2!1s0x95ca5b4d3bc71815%3A0x821665304a0ffd12!2sCarlos+Pellegrini%2C+Santa+Fe!5e0!3m2!1ses!2sar!4v1423745329420\" width=\"100%\" height=\"282\" frameborder=\"0\"><\/iframe><\/p>\n<p><strong>Tambo<\/strong><\/p>\n<hr \/>\n<p>&nbsp;<\/p>\n<p><iframe loading=\"lazy\" style=\"border: 0;\" src=\"https:\/\/www.google.com\/maps\/embed?pb=!1m18!1m12!1m3!1d3521.118100645391!2d-61.83409999999994!3d-31.974349999999983!2m3!1f0!2f0!3f0!3m2!1i1024!2i768!4f13.1!3m3!1m2!1s0x0%3A0x0!2zMzHCsDU4JzI3LjciUyA2McKwNTAnMDIuOCJX!5e1!3m2!1ses!2sar!4v1438806949075\" width=\"100%\" height=\"282\" frameborder=\"0\" allowfullscreen=\"allowfullscreen\"><\/iframe><\/p>\n","protected":false},"excerpt":{"rendered":"<p>\u00bfD\u00f3nde estamos? El establecimiento del Grupo Chiavassa se encuentra a pocos kil\u00f3metros de la localidad de Carlos Pellegrini, en el [&hellip;]<\/p>\n","protected":false},"author":2,"featured_media":0,"parent":0,"menu_order":0,"comment_status":"closed","ping_status":"closed","template":"","meta":{"ngg_post_thumbnail":0},"_links":{"self":[{"href":"http:\/\/grupochiavassa.com\/esp\/wp-json\/wp\/v2\/pages\/67"}],"collection":[{"href":"http:\/\/grupochiavassa.com\/esp\/wp-json\/wp\/v2\/pages"}],"about":[{"href":"http:\/\/grupochiavassa.com\/esp\/wp-json\/wp\/v2\/types\/page"}],"author":[{"embeddable":true,"href":"http:\/\/grupochiavassa.com\/esp\/wp-json\/wp\/v2\/users\/2"}],"replies":[{"embeddable":true,"href":"http:\/\/grupochiavassa.com\/esp\/wp-json\/wp\/v2\/comments?post=67"}],"version-history":[{"count":1,"href":"http:\/\/grupochiavassa.com\/esp\/wp-json\/wp\/v2\/pages\/67\/revisions"}],"predecessor-version":[{"id":68,"href":"http:\/\/grupochiavassa.com\/esp\/wp-json\/wp\/v2\/pages\/67\/revisions\/68"}],"wp:attachment":[{"href":"http:\/\/grupochiavassa.com\/esp\/wp-json\/wp\/v2\/media?parent=67"}],"curies":[{"name":"wp","href":"https:\/\/api.w.org\/{rel}","templated":true}]}}