{"id":69,"date":"2016-02-10T14:18:44","date_gmt":"2016-02-10T14:18:44","guid":{"rendered":"http:\/\/grupochiavassa.com\/esp\/?page_id=69"},"modified":"2016-02-12T15:58:49","modified_gmt":"2016-02-12T15:58:49","slug":"venta-de-reproductores","status":"publish","type":"page","link":"http:\/\/grupochiavassa.com\/esp\/venta-de-reproductores\/","title":{"rendered":"Venta de Reproductores"},"content":{"rendered":"<h2 class=\"page-heading\">VENTA DE REPRODUCTORES<\/h2>\n<p><img class=\"img-frame aligncenter\" src=\"http:\/\/grupochiavassa.com\/web\/wp-content\/uploads\/2013\/11\/venta_repro.jpg\" alt=\"\" \/><\/p>\n<p>Los avances en materia gen\u00e9tica permiten hoy al Grupo Chiavassa la posibilidad de comercializar toros reproductores de la mejor calidad del mercado. Cada a\u00f1o, se seleccionan los hijos de las mejores donantes de nuestro n\u00facleo gen\u00e9tico, combinados con los mejores padres gen\u00f3micos del mundo, para ser vendidos entre productores de la zona.<\/p>\n<p>&nbsp;<\/p>\n<p>Reproductores disponibles para la venta:<\/p>\n<p>\u2022 <a href=\"http:\/\/grupochiavassa.com\/esp\/wp-content\/uploads\/2016\/02\/Muestra-Ficha-01.pdf\" target=\"_blank\">RP 4572 &#8211; PADRE BOLTON<\/a><br \/>\n\u2022 <a href=\"http:\/\/grupochiavassa.com\/esp\/wp-content\/uploads\/2016\/02\/Muestra-Ficha-02.pdf\" target=\"_blank\">RP 4567 &#8211; PADRE BUCKEYE<\/a><br \/>\n\u2022 <a href=\"http:\/\/grupochiavassa.com\/esp\/wp-content\/uploads\/2016\/02\/Muestra-Ficha-03.pdf\" target=\"_blank\">RP 4564 &#8211; PADRE JEEVES<\/a><br \/>\n\u2022 <a href=\"http:\/\/grupochiavassa.com\/esp\/wp-content\/uploads\/2016\/02\/Muestra-Ficha-04.pdf\" target=\"_blank\">RP 4534 &#8211; PADRE JAYZ<\/a><\/p>\n","protected":false},"excerpt":{"rendered":"<p>VENTA DE REPRODUCTORES Los avances en materia gen\u00e9tica permiten hoy al Grupo Chiavassa la posibilidad de comercializar toros reproductores de [&hellip;]<\/p>\n","protected":false},"author":2,"featured_media":0,"parent":0,"menu_order":0,"comment_status":"closed","ping_status":"closed","template":"","meta":{"ngg_post_thumbnail":0},"_links":{"self":[{"href":"http:\/\/grupochiavassa.com\/esp\/wp-json\/wp\/v2\/pages\/69"}],"collection":[{"href":"http:\/\/grupochiavassa.com\/esp\/wp-json\/wp\/v2\/pages"}],"about":[{"href":"http:\/\/grupochiavassa.com\/esp\/wp-json\/wp\/v2\/types\/page"}],"author":[{"embeddable":true,"href":"http:\/\/grupochiavassa.com\/esp\/wp-json\/wp\/v2\/users\/2"}],"replies":[{"embeddable":true,"href":"http:\/\/grupochiavassa.com\/esp\/wp-json\/wp\/v2\/comments?post=69"}],"version-history":[{"count":3,"href":"http:\/\/grupochiavassa.com\/esp\/wp-json\/wp\/v2\/pages\/69\/revisions"}],"predecessor-version":[{"id":839,"href":"http:\/\/grupochiavassa.com\/esp\/wp-json\/wp\/v2\/pages\/69\/revisions\/839"}],"wp:attachment":[{"href":"http:\/\/grupochiavassa.com\/esp\/wp-json\/wp\/v2\/media?parent=69"}],"curies":[{"name":"wp","href":"https:\/\/api.w.org\/{rel}","templated":true}]}}